{"id":4751,"date":"2023-05-05T11:43:11","date_gmt":"2023-05-05T09:43:11","guid":{"rendered":"https:\/\/fioriecolori.it\/?post_type=product&#038;p=4751"},"modified":"2024-05-06T19:40:33","modified_gmt":"2024-05-06T17:40:33","slug":"orange-soul","status":"publish","type":"product","link":"https:\/\/fioriecolori.it\/eng\/product\/orange-soul\/","title":{"rendered":"Orange Soul"},"content":{"rendered":"","protected":false},"excerpt":{"rendered":"<p><em>The photos of our bouquets are indicative and serve to give an idea of the type of flowers that will be used. We prepare and package each bouquet by hand, following the seasonality and freshness of the flowers from our territory.<\/em><\/p>\n<p>This bouquet will take you straight to South Africa.<\/p>\n<p>The Strelitzia or bird of paradise is an enduring and valuable flower, perfect as a gift or home decoration.<\/p>\n<p>&nbsp;<\/p>","protected":false},"featured_media":4756,"template":"","meta":[],"product_cat":[61,250],"product_tag":[215],"yoast_head":"<!-- This site is optimized with the Yoast SEO plugin v23.5 - https:\/\/yoast.com\/wordpress\/plugins\/seo\/ -->\n<title>Orange Soul - Fiori e Colori<\/title>\n<meta name=\"robots\" content=\"index, follow, max-snippet:-1, max-image-preview:large, max-video-preview:-1\" \/>\n<link rel=\"canonical\" href=\"https:\/\/fioriecolori.it\/eng\/product\/orange-soul\/\" \/>\n<meta property=\"og:locale\" content=\"en_GB\" \/>\n<meta property=\"og:type\" content=\"article\" \/>\n<meta property=\"og:title\" content=\"Orange Soul - Fiori e Colori\" \/>\n<meta property=\"og:description\" content=\"Le foto dei nostri bouquet sono indicative e servono a dare un&#039;idea della tipologia di fiori che saranno utilizzati. Prepariamo e confezioniamo ogni singolo mazzo artigianalmente, seguendo la stagionalit\u00e0 e la freschezza dei fiori provenienti dal nostro territorio.  Questo bouquet vi porter\u00e0 direttamente in Sud Africa.  La Strelitzia o uccello del paradiso \u00e8 un fiore duraturo e pregiato, perfetto come regalo o decorazione per la casa.  &nbsp;\" \/>\n<meta property=\"og:url\" content=\"https:\/\/fioriecolori.it\/eng\/product\/orange-soul\/\" \/>\n<meta property=\"og:site_name\" content=\"Fiori e Colori\" \/>\n<meta property=\"article:modified_time\" content=\"2024-05-06T17:40:33+00:00\" \/>\n<meta property=\"og:image\" content=\"https:\/\/fioriecolori.it\/wp-content\/uploads\/2023\/05\/strelitzie.webp\" \/>\n\t<meta property=\"og:image:width\" content=\"1600\" \/>\n\t<meta property=\"og:image:height\" content=\"2000\" \/>\n\t<meta property=\"og:image:type\" content=\"image\/webp\" \/>\n<meta name=\"twitter:card\" content=\"summary_large_image\" \/>\n<meta name=\"twitter:label1\" content=\"Estimated reading time\" \/>\n\t<meta name=\"twitter:data1\" content=\"1 minute\" \/>\n<script type=\"application\/ld+json\" class=\"yoast-schema-graph\">{\"@context\":\"https:\/\/schema.org\",\"@graph\":[{\"@type\":\"WebPage\",\"@id\":\"https:\/\/fioriecolori.it\/prodotto\/orange-soul\/\",\"url\":\"https:\/\/fioriecolori.it\/prodotto\/orange-soul\/\",\"name\":\"Orange Soul - Fiori e Colori\",\"isPartOf\":{\"@id\":\"https:\/\/fioriecolori.it\/#website\"},\"primaryImageOfPage\":{\"@id\":\"https:\/\/fioriecolori.it\/prodotto\/orange-soul\/#primaryimage\"},\"image\":{\"@id\":\"https:\/\/fioriecolori.it\/prodotto\/orange-soul\/#primaryimage\"},\"thumbnailUrl\":\"https:\/\/fioriecolori.it\/wp-content\/uploads\/2023\/05\/strelitzie.webp\",\"datePublished\":\"2023-05-05T09:43:11+00:00\",\"dateModified\":\"2024-05-06T17:40:33+00:00\",\"breadcrumb\":{\"@id\":\"https:\/\/fioriecolori.it\/prodotto\/orange-soul\/#breadcrumb\"},\"inLanguage\":\"en-GB\",\"potentialAction\":[{\"@type\":\"ReadAction\",\"target\":[\"https:\/\/fioriecolori.it\/prodotto\/orange-soul\/\"]}]},{\"@type\":\"ImageObject\",\"inLanguage\":\"en-GB\",\"@id\":\"https:\/\/fioriecolori.it\/prodotto\/orange-soul\/#primaryimage\",\"url\":\"https:\/\/fioriecolori.it\/wp-content\/uploads\/2023\/05\/strelitzie.webp\",\"contentUrl\":\"https:\/\/fioriecolori.it\/wp-content\/uploads\/2023\/05\/strelitzie.webp\",\"width\":1600,\"height\":2000},{\"@type\":\"BreadcrumbList\",\"@id\":\"https:\/\/fioriecolori.it\/prodotto\/orange-soul\/#breadcrumb\",\"itemListElement\":[{\"@type\":\"ListItem\",\"position\":1,\"name\":\"Home\",\"item\":\"https:\/\/fioriecolori.it\/\"},{\"@type\":\"ListItem\",\"position\":2,\"name\":\"Shop\",\"item\":\"https:\/\/fioriecolori.it\/shop\/\"},{\"@type\":\"ListItem\",\"position\":3,\"name\":\"Bouquet\",\"item\":\"https:\/\/fioriecolori.it\/categoria-prodotto\/bouquet\/\"},{\"@type\":\"ListItem\",\"position\":4,\"name\":\"Orange Soul\"}]},{\"@type\":\"WebSite\",\"@id\":\"https:\/\/fioriecolori.it\/#website\",\"url\":\"https:\/\/fioriecolori.it\/\",\"name\":\"Fiori e Colori\",\"description\":\"Tuscany style\",\"potentialAction\":[{\"@type\":\"SearchAction\",\"target\":{\"@type\":\"EntryPoint\",\"urlTemplate\":\"https:\/\/fioriecolori.it\/?s={search_term_string}\"},\"query-input\":{\"@type\":\"PropertyValueSpecification\",\"valueRequired\":true,\"valueName\":\"search_term_string\"}}],\"inLanguage\":\"en-GB\"}]}<\/script>\n<!-- \/ Yoast SEO plugin. -->","yoast_head_json":{"title":"Orange Soul - Fiori e Colori","robots":{"index":"index","follow":"follow","max-snippet":"max-snippet:-1","max-image-preview":"max-image-preview:large","max-video-preview":"max-video-preview:-1"},"canonical":"https:\/\/fioriecolori.it\/eng\/product\/orange-soul\/","og_locale":"en_GB","og_type":"article","og_title":"Orange Soul - Fiori e Colori","og_description":"Le foto dei nostri bouquet sono indicative e servono a dare un'idea della tipologia di fiori che saranno utilizzati. Prepariamo e confezioniamo ogni singolo mazzo artigianalmente, seguendo la stagionalit\u00e0 e la freschezza dei fiori provenienti dal nostro territorio.  Questo bouquet vi porter\u00e0 direttamente in Sud Africa.  La Strelitzia o uccello del paradiso \u00e8 un fiore duraturo e pregiato, perfetto come regalo o decorazione per la casa.  &nbsp;","og_url":"https:\/\/fioriecolori.it\/eng\/product\/orange-soul\/","og_site_name":"Fiori e Colori","article_modified_time":"2024-05-06T17:40:33+00:00","og_image":[{"width":1600,"height":2000,"url":"https:\/\/fioriecolori.it\/wp-content\/uploads\/2023\/05\/strelitzie.webp","type":"image\/webp"}],"twitter_card":"summary_large_image","twitter_misc":{"Estimated reading time":"1 minute"},"schema":{"@context":"https:\/\/schema.org","@graph":[{"@type":"WebPage","@id":"https:\/\/fioriecolori.it\/prodotto\/orange-soul\/","url":"https:\/\/fioriecolori.it\/prodotto\/orange-soul\/","name":"Orange Soul - Fiori e Colori","isPartOf":{"@id":"https:\/\/fioriecolori.it\/#website"},"primaryImageOfPage":{"@id":"https:\/\/fioriecolori.it\/prodotto\/orange-soul\/#primaryimage"},"image":{"@id":"https:\/\/fioriecolori.it\/prodotto\/orange-soul\/#primaryimage"},"thumbnailUrl":"https:\/\/fioriecolori.it\/wp-content\/uploads\/2023\/05\/strelitzie.webp","datePublished":"2023-05-05T09:43:11+00:00","dateModified":"2024-05-06T17:40:33+00:00","breadcrumb":{"@id":"https:\/\/fioriecolori.it\/prodotto\/orange-soul\/#breadcrumb"},"inLanguage":"en-GB","potentialAction":[{"@type":"ReadAction","target":["https:\/\/fioriecolori.it\/prodotto\/orange-soul\/"]}]},{"@type":"ImageObject","inLanguage":"en-GB","@id":"https:\/\/fioriecolori.it\/prodotto\/orange-soul\/#primaryimage","url":"https:\/\/fioriecolori.it\/wp-content\/uploads\/2023\/05\/strelitzie.webp","contentUrl":"https:\/\/fioriecolori.it\/wp-content\/uploads\/2023\/05\/strelitzie.webp","width":1600,"height":2000},{"@type":"BreadcrumbList","@id":"https:\/\/fioriecolori.it\/prodotto\/orange-soul\/#breadcrumb","itemListElement":[{"@type":"ListItem","position":1,"name":"Home","item":"https:\/\/fioriecolori.it\/"},{"@type":"ListItem","position":2,"name":"Shop","item":"https:\/\/fioriecolori.it\/shop\/"},{"@type":"ListItem","position":3,"name":"Bouquet","item":"https:\/\/fioriecolori.it\/categoria-prodotto\/bouquet\/"},{"@type":"ListItem","position":4,"name":"Orange Soul"}]},{"@type":"WebSite","@id":"https:\/\/fioriecolori.it\/#website","url":"https:\/\/fioriecolori.it\/","name":"Fiori e Colori","description":"Tuscany style","potentialAction":[{"@type":"SearchAction","target":{"@type":"EntryPoint","urlTemplate":"https:\/\/fioriecolori.it\/?s={search_term_string}"},"query-input":{"@type":"PropertyValueSpecification","valueRequired":true,"valueName":"search_term_string"}}],"inLanguage":"en-GB"}]}},"_links":{"self":[{"href":"https:\/\/fioriecolori.it\/eng\/wp-json\/wp\/v2\/product\/4751"}],"collection":[{"href":"https:\/\/fioriecolori.it\/eng\/wp-json\/wp\/v2\/product"}],"about":[{"href":"https:\/\/fioriecolori.it\/eng\/wp-json\/wp\/v2\/types\/product"}],"wp:featuredmedia":[{"embeddable":true,"href":"https:\/\/fioriecolori.it\/eng\/wp-json\/wp\/v2\/media\/4756"}],"wp:attachment":[{"href":"https:\/\/fioriecolori.it\/eng\/wp-json\/wp\/v2\/media?parent=4751"}],"wp:term":[{"taxonomy":"product_cat","embeddable":true,"href":"https:\/\/fioriecolori.it\/eng\/wp-json\/wp\/v2\/product_cat?post=4751"},{"taxonomy":"product_tag","embeddable":true,"href":"https:\/\/fioriecolori.it\/eng\/wp-json\/wp\/v2\/product_tag?post=4751"}],"curies":[{"name":"wp","href":"https:\/\/api.w.org\/{rel}","templated":true}]}}