{"id":4048,"date":"2023-03-23T11:39:48","date_gmt":"2023-03-23T10:39:48","guid":{"rendered":"https:\/\/fioriecolori.it\/?post_type=product&#038;p=4048"},"modified":"2023-05-22T17:27:52","modified_gmt":"2023-05-22T15:27:52","slug":"dreamy-spring","status":"publish","type":"product","link":"https:\/\/fioriecolori.it\/eng\/product\/dreamy-spring\/","title":{"rendered":"Dreamy Spring"},"content":{"rendered":"","protected":false},"excerpt":{"rendered":"<p><em>The photos of our bouquets are indicative and serve to give an idea of the type of flowers that will be used. We prepare and package each bouquet by hand, following the seasonality and freshness of the flowers from our territory.<\/em><\/p>\n<p>The delicacy of this bouquet is its most distinguishing feature. White roses, Gypsophila and purple locks make an elegant creation perfect for any occasion.<\/p>\n<p>&nbsp;<\/p>","protected":false},"featured_media":4053,"template":"","meta":[],"product_cat":[61],"product_tag":[215],"yoast_head":"<!-- This site is optimized with the Yoast SEO plugin v23.5 - https:\/\/yoast.com\/wordpress\/plugins\/seo\/ -->\n<title>Dreamy Spring - Fiori e Colori<\/title>\n<meta name=\"robots\" content=\"index, follow, max-snippet:-1, max-image-preview:large, max-video-preview:-1\" \/>\n<link rel=\"canonical\" href=\"https:\/\/fioriecolori.it\/eng\/product\/dreamy-spring\/\" \/>\n<meta property=\"og:locale\" content=\"en_GB\" \/>\n<meta property=\"og:type\" content=\"article\" \/>\n<meta property=\"og:title\" content=\"Dreamy Spring - Fiori e Colori\" \/>\n<meta property=\"og:description\" content=\"Le foto dei nostri bouquet sono indicative e servono a dare un&#039;idea della tipologia di fiori che saranno utilizzati. Prepariamo e confezioniamo ogni singolo mazzo artigianalmente, seguendo la stagionalit\u00e0 e la freschezza dei fiori provenienti dal nostro territorio.  La delicatezza di questo bouquet \u00e8 la caratteristica che pi\u00f9 lo differenzia. Rose bianche, Gypsophila e viola a ciocche rende la creazione elegante e perfetta per ogni occasione.  &nbsp;\" \/>\n<meta property=\"og:url\" content=\"https:\/\/fioriecolori.it\/eng\/product\/dreamy-spring\/\" \/>\n<meta property=\"og:site_name\" content=\"Fiori e Colori\" \/>\n<meta property=\"article:modified_time\" content=\"2023-05-22T15:27:52+00:00\" \/>\n<meta property=\"og:image\" content=\"https:\/\/fioriecolori.it\/wp-content\/uploads\/2023\/03\/dreamy-spring.jpg\" \/>\n\t<meta property=\"og:image:width\" content=\"1000\" \/>\n\t<meta property=\"og:image:height\" content=\"1000\" \/>\n\t<meta property=\"og:image:type\" content=\"image\/jpeg\" \/>\n<meta name=\"twitter:card\" content=\"summary_large_image\" \/>\n<script type=\"application\/ld+json\" class=\"yoast-schema-graph\">{\"@context\":\"https:\/\/schema.org\",\"@graph\":[{\"@type\":\"WebPage\",\"@id\":\"https:\/\/fioriecolori.it\/prodotto\/dreamy-spring\/\",\"url\":\"https:\/\/fioriecolori.it\/prodotto\/dreamy-spring\/\",\"name\":\"Dreamy Spring - Fiori e Colori\",\"isPartOf\":{\"@id\":\"https:\/\/fioriecolori.it\/#website\"},\"primaryImageOfPage\":{\"@id\":\"https:\/\/fioriecolori.it\/prodotto\/dreamy-spring\/#primaryimage\"},\"image\":{\"@id\":\"https:\/\/fioriecolori.it\/prodotto\/dreamy-spring\/#primaryimage\"},\"thumbnailUrl\":\"https:\/\/fioriecolori.it\/wp-content\/uploads\/2023\/03\/dreamy-spring.jpg\",\"datePublished\":\"2023-03-23T10:39:48+00:00\",\"dateModified\":\"2023-05-22T15:27:52+00:00\",\"breadcrumb\":{\"@id\":\"https:\/\/fioriecolori.it\/prodotto\/dreamy-spring\/#breadcrumb\"},\"inLanguage\":\"en-GB\",\"potentialAction\":[{\"@type\":\"ReadAction\",\"target\":[\"https:\/\/fioriecolori.it\/prodotto\/dreamy-spring\/\"]}]},{\"@type\":\"ImageObject\",\"inLanguage\":\"en-GB\",\"@id\":\"https:\/\/fioriecolori.it\/prodotto\/dreamy-spring\/#primaryimage\",\"url\":\"https:\/\/fioriecolori.it\/wp-content\/uploads\/2023\/03\/dreamy-spring.jpg\",\"contentUrl\":\"https:\/\/fioriecolori.it\/wp-content\/uploads\/2023\/03\/dreamy-spring.jpg\",\"width\":1000,\"height\":1000},{\"@type\":\"BreadcrumbList\",\"@id\":\"https:\/\/fioriecolori.it\/prodotto\/dreamy-spring\/#breadcrumb\",\"itemListElement\":[{\"@type\":\"ListItem\",\"position\":1,\"name\":\"Home\",\"item\":\"https:\/\/fioriecolori.it\/\"},{\"@type\":\"ListItem\",\"position\":2,\"name\":\"Shop\",\"item\":\"https:\/\/fioriecolori.it\/shop\/\"},{\"@type\":\"ListItem\",\"position\":3,\"name\":\"Bouquet\",\"item\":\"https:\/\/fioriecolori.it\/categoria-prodotto\/bouquet\/\"},{\"@type\":\"ListItem\",\"position\":4,\"name\":\"Dreamy Spring\"}]},{\"@type\":\"WebSite\",\"@id\":\"https:\/\/fioriecolori.it\/#website\",\"url\":\"https:\/\/fioriecolori.it\/\",\"name\":\"Fiori e Colori\",\"description\":\"Tuscany style\",\"potentialAction\":[{\"@type\":\"SearchAction\",\"target\":{\"@type\":\"EntryPoint\",\"urlTemplate\":\"https:\/\/fioriecolori.it\/?s={search_term_string}\"},\"query-input\":{\"@type\":\"PropertyValueSpecification\",\"valueRequired\":true,\"valueName\":\"search_term_string\"}}],\"inLanguage\":\"en-GB\"}]}<\/script>\n<!-- \/ Yoast SEO plugin. -->","yoast_head_json":{"title":"Dreamy Spring - Fiori e Colori","robots":{"index":"index","follow":"follow","max-snippet":"max-snippet:-1","max-image-preview":"max-image-preview:large","max-video-preview":"max-video-preview:-1"},"canonical":"https:\/\/fioriecolori.it\/eng\/product\/dreamy-spring\/","og_locale":"en_GB","og_type":"article","og_title":"Dreamy Spring - Fiori e Colori","og_description":"Le foto dei nostri bouquet sono indicative e servono a dare un'idea della tipologia di fiori che saranno utilizzati. Prepariamo e confezioniamo ogni singolo mazzo artigianalmente, seguendo la stagionalit\u00e0 e la freschezza dei fiori provenienti dal nostro territorio.  La delicatezza di questo bouquet \u00e8 la caratteristica che pi\u00f9 lo differenzia. Rose bianche, Gypsophila e viola a ciocche rende la creazione elegante e perfetta per ogni occasione.  &nbsp;","og_url":"https:\/\/fioriecolori.it\/eng\/product\/dreamy-spring\/","og_site_name":"Fiori e Colori","article_modified_time":"2023-05-22T15:27:52+00:00","og_image":[{"width":1000,"height":1000,"url":"https:\/\/fioriecolori.it\/wp-content\/uploads\/2023\/03\/dreamy-spring.jpg","type":"image\/jpeg"}],"twitter_card":"summary_large_image","schema":{"@context":"https:\/\/schema.org","@graph":[{"@type":"WebPage","@id":"https:\/\/fioriecolori.it\/prodotto\/dreamy-spring\/","url":"https:\/\/fioriecolori.it\/prodotto\/dreamy-spring\/","name":"Dreamy Spring - Fiori e Colori","isPartOf":{"@id":"https:\/\/fioriecolori.it\/#website"},"primaryImageOfPage":{"@id":"https:\/\/fioriecolori.it\/prodotto\/dreamy-spring\/#primaryimage"},"image":{"@id":"https:\/\/fioriecolori.it\/prodotto\/dreamy-spring\/#primaryimage"},"thumbnailUrl":"https:\/\/fioriecolori.it\/wp-content\/uploads\/2023\/03\/dreamy-spring.jpg","datePublished":"2023-03-23T10:39:48+00:00","dateModified":"2023-05-22T15:27:52+00:00","breadcrumb":{"@id":"https:\/\/fioriecolori.it\/prodotto\/dreamy-spring\/#breadcrumb"},"inLanguage":"en-GB","potentialAction":[{"@type":"ReadAction","target":["https:\/\/fioriecolori.it\/prodotto\/dreamy-spring\/"]}]},{"@type":"ImageObject","inLanguage":"en-GB","@id":"https:\/\/fioriecolori.it\/prodotto\/dreamy-spring\/#primaryimage","url":"https:\/\/fioriecolori.it\/wp-content\/uploads\/2023\/03\/dreamy-spring.jpg","contentUrl":"https:\/\/fioriecolori.it\/wp-content\/uploads\/2023\/03\/dreamy-spring.jpg","width":1000,"height":1000},{"@type":"BreadcrumbList","@id":"https:\/\/fioriecolori.it\/prodotto\/dreamy-spring\/#breadcrumb","itemListElement":[{"@type":"ListItem","position":1,"name":"Home","item":"https:\/\/fioriecolori.it\/"},{"@type":"ListItem","position":2,"name":"Shop","item":"https:\/\/fioriecolori.it\/shop\/"},{"@type":"ListItem","position":3,"name":"Bouquet","item":"https:\/\/fioriecolori.it\/categoria-prodotto\/bouquet\/"},{"@type":"ListItem","position":4,"name":"Dreamy Spring"}]},{"@type":"WebSite","@id":"https:\/\/fioriecolori.it\/#website","url":"https:\/\/fioriecolori.it\/","name":"Fiori e Colori","description":"Tuscany style","potentialAction":[{"@type":"SearchAction","target":{"@type":"EntryPoint","urlTemplate":"https:\/\/fioriecolori.it\/?s={search_term_string}"},"query-input":{"@type":"PropertyValueSpecification","valueRequired":true,"valueName":"search_term_string"}}],"inLanguage":"en-GB"}]}},"_links":{"self":[{"href":"https:\/\/fioriecolori.it\/eng\/wp-json\/wp\/v2\/product\/4048"}],"collection":[{"href":"https:\/\/fioriecolori.it\/eng\/wp-json\/wp\/v2\/product"}],"about":[{"href":"https:\/\/fioriecolori.it\/eng\/wp-json\/wp\/v2\/types\/product"}],"wp:featuredmedia":[{"embeddable":true,"href":"https:\/\/fioriecolori.it\/eng\/wp-json\/wp\/v2\/media\/4053"}],"wp:attachment":[{"href":"https:\/\/fioriecolori.it\/eng\/wp-json\/wp\/v2\/media?parent=4048"}],"wp:term":[{"taxonomy":"product_cat","embeddable":true,"href":"https:\/\/fioriecolori.it\/eng\/wp-json\/wp\/v2\/product_cat?post=4048"},{"taxonomy":"product_tag","embeddable":true,"href":"https:\/\/fioriecolori.it\/eng\/wp-json\/wp\/v2\/product_tag?post=4048"}],"curies":[{"name":"wp","href":"https:\/\/api.w.org\/{rel}","templated":true}]}}