{"id":4017,"date":"2023-03-23T11:29:10","date_gmt":"2023-03-23T10:29:10","guid":{"rendered":"https:\/\/fioriecolori.it\/?post_type=product&#038;p=4017"},"modified":"2024-05-06T19:49:55","modified_gmt":"2024-05-06T17:49:55","slug":"spring-sensation","status":"publish","type":"product","link":"https:\/\/fioriecolori.it\/eng\/product\/spring-sensation\/","title":{"rendered":"Spring Sensation"},"content":{"rendered":"","protected":false},"excerpt":{"rendered":"<p><em>The photos of our bouquets are indicative and serve to give an idea of the type of flowers that will be used. We prepare and package each bouquet by hand, following the seasonality and freshness of the flowers from our territory.<\/em><\/p>\n<p>The bouquet with Cymbiudium orchid branches is perfect for refined people. Simple and colourful, it is perfect as a gift idea or as decoration for the home.<\/p>\n<p>&nbsp;<\/p>","protected":false},"featured_media":4022,"template":"","meta":[],"product_cat":[61,250],"product_tag":[215],"yoast_head":"<!-- This site is optimized with the Yoast SEO plugin v23.5 - https:\/\/yoast.com\/wordpress\/plugins\/seo\/ -->\n<title>Spring Sensation - Fiori e Colori<\/title>\n<meta name=\"robots\" content=\"index, follow, max-snippet:-1, max-image-preview:large, max-video-preview:-1\" \/>\n<link rel=\"canonical\" href=\"https:\/\/fioriecolori.it\/eng\/product\/spring-sensation\/\" \/>\n<meta property=\"og:locale\" content=\"en_GB\" \/>\n<meta property=\"og:type\" content=\"article\" \/>\n<meta property=\"og:title\" content=\"Spring Sensation - Fiori e Colori\" \/>\n<meta property=\"og:description\" content=\"Le foto dei nostri bouquet sono indicative e servono a dare un&#039;idea della tipologia di fiori che saranno utilizzati. Prepariamo e confezioniamo ogni singolo mazzo artigianalmente, seguendo la stagionalit\u00e0 e la freschezza dei fiori provenienti dal nostro territorio.  Il bouquet con i rami di orchidee Cymbiudium \u00e8 perfetto per persone raffinate. Semplice e colorato, \u00e8 perfetto come idea regalo o Come decorazione per la casa.  &nbsp;\" \/>\n<meta property=\"og:url\" content=\"https:\/\/fioriecolori.it\/eng\/product\/spring-sensation\/\" \/>\n<meta property=\"og:site_name\" content=\"Fiori e Colori\" \/>\n<meta property=\"article:modified_time\" content=\"2024-05-06T17:49:55+00:00\" \/>\n<meta property=\"og:image\" content=\"https:\/\/fioriecolori.it\/wp-content\/uploads\/2023\/03\/spring-sensation.jpg\" \/>\n\t<meta property=\"og:image:width\" content=\"1000\" \/>\n\t<meta property=\"og:image:height\" content=\"1000\" \/>\n\t<meta property=\"og:image:type\" content=\"image\/jpeg\" \/>\n<meta name=\"twitter:card\" content=\"summary_large_image\" \/>\n<meta name=\"twitter:label1\" content=\"Estimated reading time\" \/>\n\t<meta name=\"twitter:data1\" content=\"1 minute\" \/>\n<script type=\"application\/ld+json\" class=\"yoast-schema-graph\">{\"@context\":\"https:\/\/schema.org\",\"@graph\":[{\"@type\":\"WebPage\",\"@id\":\"https:\/\/fioriecolori.it\/prodotto\/spring-sensation\/\",\"url\":\"https:\/\/fioriecolori.it\/prodotto\/spring-sensation\/\",\"name\":\"Spring Sensation - Fiori e Colori\",\"isPartOf\":{\"@id\":\"https:\/\/fioriecolori.it\/#website\"},\"primaryImageOfPage\":{\"@id\":\"https:\/\/fioriecolori.it\/prodotto\/spring-sensation\/#primaryimage\"},\"image\":{\"@id\":\"https:\/\/fioriecolori.it\/prodotto\/spring-sensation\/#primaryimage\"},\"thumbnailUrl\":\"https:\/\/fioriecolori.it\/wp-content\/uploads\/2023\/03\/spring-sensation.jpg\",\"datePublished\":\"2023-03-23T10:29:10+00:00\",\"dateModified\":\"2024-05-06T17:49:55+00:00\",\"breadcrumb\":{\"@id\":\"https:\/\/fioriecolori.it\/prodotto\/spring-sensation\/#breadcrumb\"},\"inLanguage\":\"en-GB\",\"potentialAction\":[{\"@type\":\"ReadAction\",\"target\":[\"https:\/\/fioriecolori.it\/prodotto\/spring-sensation\/\"]}]},{\"@type\":\"ImageObject\",\"inLanguage\":\"en-GB\",\"@id\":\"https:\/\/fioriecolori.it\/prodotto\/spring-sensation\/#primaryimage\",\"url\":\"https:\/\/fioriecolori.it\/wp-content\/uploads\/2023\/03\/spring-sensation.jpg\",\"contentUrl\":\"https:\/\/fioriecolori.it\/wp-content\/uploads\/2023\/03\/spring-sensation.jpg\",\"width\":1000,\"height\":1000},{\"@type\":\"BreadcrumbList\",\"@id\":\"https:\/\/fioriecolori.it\/prodotto\/spring-sensation\/#breadcrumb\",\"itemListElement\":[{\"@type\":\"ListItem\",\"position\":1,\"name\":\"Home\",\"item\":\"https:\/\/fioriecolori.it\/\"},{\"@type\":\"ListItem\",\"position\":2,\"name\":\"Shop\",\"item\":\"https:\/\/fioriecolori.it\/shop\/\"},{\"@type\":\"ListItem\",\"position\":3,\"name\":\"Bouquet\",\"item\":\"https:\/\/fioriecolori.it\/categoria-prodotto\/bouquet\/\"},{\"@type\":\"ListItem\",\"position\":4,\"name\":\"Spring Sensation\"}]},{\"@type\":\"WebSite\",\"@id\":\"https:\/\/fioriecolori.it\/#website\",\"url\":\"https:\/\/fioriecolori.it\/\",\"name\":\"Fiori e Colori\",\"description\":\"Tuscany style\",\"potentialAction\":[{\"@type\":\"SearchAction\",\"target\":{\"@type\":\"EntryPoint\",\"urlTemplate\":\"https:\/\/fioriecolori.it\/?s={search_term_string}\"},\"query-input\":{\"@type\":\"PropertyValueSpecification\",\"valueRequired\":true,\"valueName\":\"search_term_string\"}}],\"inLanguage\":\"en-GB\"}]}<\/script>\n<!-- \/ Yoast SEO plugin. -->","yoast_head_json":{"title":"Spring Sensation - Fiori e Colori","robots":{"index":"index","follow":"follow","max-snippet":"max-snippet:-1","max-image-preview":"max-image-preview:large","max-video-preview":"max-video-preview:-1"},"canonical":"https:\/\/fioriecolori.it\/eng\/product\/spring-sensation\/","og_locale":"en_GB","og_type":"article","og_title":"Spring Sensation - Fiori e Colori","og_description":"Le foto dei nostri bouquet sono indicative e servono a dare un'idea della tipologia di fiori che saranno utilizzati. Prepariamo e confezioniamo ogni singolo mazzo artigianalmente, seguendo la stagionalit\u00e0 e la freschezza dei fiori provenienti dal nostro territorio.  Il bouquet con i rami di orchidee Cymbiudium \u00e8 perfetto per persone raffinate. Semplice e colorato, \u00e8 perfetto come idea regalo o Come decorazione per la casa.  &nbsp;","og_url":"https:\/\/fioriecolori.it\/eng\/product\/spring-sensation\/","og_site_name":"Fiori e Colori","article_modified_time":"2024-05-06T17:49:55+00:00","og_image":[{"width":1000,"height":1000,"url":"https:\/\/fioriecolori.it\/wp-content\/uploads\/2023\/03\/spring-sensation.jpg","type":"image\/jpeg"}],"twitter_card":"summary_large_image","twitter_misc":{"Estimated reading time":"1 minute"},"schema":{"@context":"https:\/\/schema.org","@graph":[{"@type":"WebPage","@id":"https:\/\/fioriecolori.it\/prodotto\/spring-sensation\/","url":"https:\/\/fioriecolori.it\/prodotto\/spring-sensation\/","name":"Spring Sensation - Fiori e Colori","isPartOf":{"@id":"https:\/\/fioriecolori.it\/#website"},"primaryImageOfPage":{"@id":"https:\/\/fioriecolori.it\/prodotto\/spring-sensation\/#primaryimage"},"image":{"@id":"https:\/\/fioriecolori.it\/prodotto\/spring-sensation\/#primaryimage"},"thumbnailUrl":"https:\/\/fioriecolori.it\/wp-content\/uploads\/2023\/03\/spring-sensation.jpg","datePublished":"2023-03-23T10:29:10+00:00","dateModified":"2024-05-06T17:49:55+00:00","breadcrumb":{"@id":"https:\/\/fioriecolori.it\/prodotto\/spring-sensation\/#breadcrumb"},"inLanguage":"en-GB","potentialAction":[{"@type":"ReadAction","target":["https:\/\/fioriecolori.it\/prodotto\/spring-sensation\/"]}]},{"@type":"ImageObject","inLanguage":"en-GB","@id":"https:\/\/fioriecolori.it\/prodotto\/spring-sensation\/#primaryimage","url":"https:\/\/fioriecolori.it\/wp-content\/uploads\/2023\/03\/spring-sensation.jpg","contentUrl":"https:\/\/fioriecolori.it\/wp-content\/uploads\/2023\/03\/spring-sensation.jpg","width":1000,"height":1000},{"@type":"BreadcrumbList","@id":"https:\/\/fioriecolori.it\/prodotto\/spring-sensation\/#breadcrumb","itemListElement":[{"@type":"ListItem","position":1,"name":"Home","item":"https:\/\/fioriecolori.it\/"},{"@type":"ListItem","position":2,"name":"Shop","item":"https:\/\/fioriecolori.it\/shop\/"},{"@type":"ListItem","position":3,"name":"Bouquet","item":"https:\/\/fioriecolori.it\/categoria-prodotto\/bouquet\/"},{"@type":"ListItem","position":4,"name":"Spring Sensation"}]},{"@type":"WebSite","@id":"https:\/\/fioriecolori.it\/#website","url":"https:\/\/fioriecolori.it\/","name":"Fiori e Colori","description":"Tuscany style","potentialAction":[{"@type":"SearchAction","target":{"@type":"EntryPoint","urlTemplate":"https:\/\/fioriecolori.it\/?s={search_term_string}"},"query-input":{"@type":"PropertyValueSpecification","valueRequired":true,"valueName":"search_term_string"}}],"inLanguage":"en-GB"}]}},"_links":{"self":[{"href":"https:\/\/fioriecolori.it\/eng\/wp-json\/wp\/v2\/product\/4017"}],"collection":[{"href":"https:\/\/fioriecolori.it\/eng\/wp-json\/wp\/v2\/product"}],"about":[{"href":"https:\/\/fioriecolori.it\/eng\/wp-json\/wp\/v2\/types\/product"}],"wp:featuredmedia":[{"embeddable":true,"href":"https:\/\/fioriecolori.it\/eng\/wp-json\/wp\/v2\/media\/4022"}],"wp:attachment":[{"href":"https:\/\/fioriecolori.it\/eng\/wp-json\/wp\/v2\/media?parent=4017"}],"wp:term":[{"taxonomy":"product_cat","embeddable":true,"href":"https:\/\/fioriecolori.it\/eng\/wp-json\/wp\/v2\/product_cat?post=4017"},{"taxonomy":"product_tag","embeddable":true,"href":"https:\/\/fioriecolori.it\/eng\/wp-json\/wp\/v2\/product_tag?post=4017"}],"curies":[{"name":"wp","href":"https:\/\/api.w.org\/{rel}","templated":true}]}}